{"id":18392,"date":"2022-06-08T09:14:46","date_gmt":"2022-06-08T06:14:46","guid":{"rendered":"https:\/\/ratturitalu.eu\/privaatsuspoliitika\/"},"modified":"2024-05-31T09:47:26","modified_gmt":"2024-05-31T06:47:26","slug":"privaatsuspoliitika","status":"publish","type":"page","link":"https:\/\/ratturitalu.eu\/et\/privaatsuspoliitika\/","title":{"rendered":"Privaatsuspoliitika ja tingimused"},"content":{"rendered":"\t\t<div data-elementor-type=\"wp-page\" data-elementor-id=\"18392\" class=\"elementor elementor-18392 elementor-14378\">\n\t\t\t\t<div class=\"elementor-element elementor-element-4e2543a9 e-flex e-con-boxed e-con e-parent\" data-id=\"4e2543a9\" data-element_type=\"container\" data-e-type=\"container\">\n\t\t\t\t\t<div class=\"e-con-inner\">\n\t\t\t\t<div class=\"elementor-element elementor-element-13076146 elementor-widget elementor-widget-text-editor\" data-id=\"13076146\" data-element_type=\"widget\" data-e-type=\"widget\" data-widget_type=\"text-editor.default\">\n\t\t\t\t<div class=\"elementor-widget-container\">\n\t\t\t\t\t\t\t\t\t<p><span style=\"font-size: 14pt;\"><strong>Privaatsuspoliitika<\/strong><\/span><br>Ratturi talu O\u00dc kogub, s\u00e4ilitab, avaldab, edastab ja s\u00e4ilitab kliendiandmeid vastavalt Eesti Vabariigi seadustele ja Euroopa Liidu m\u00e4\u00e4rustele.<\/p>\n<p>Veebip\u00f5hises broneerimiskeskkonnas tellimuste ja ostutehingute k\u00e4igus esitatud isikuandmed on konfidentsiaalsed ja neid t\u00f6\u00f6deldakse vastavalt isikuandmete kaitse seaduse n\u00f5uetele.<\/p>\n<p>Ratturi talu ei avalda kliendi isikuandmeid kolmandatele isikutele ilma kliendi n\u00f5usolekuta, v\u00e4lja arvatud juhul, kui see on seadusega ette n\u00e4htud. T\u00f6\u00f6deldavad isikuandmed h\u00f5lmavad ostjalt tellimuse t\u00f6\u00f6tlemisel k\u00fcsitud teavet (ees- ja perekonnanimi, telefoninumber, e-posti aadress).<\/p>\n<p>Juhul kui Ratturi Talu peab tellimuse t\u00fchistama, muutma v\u00f5i tagastama, nagu on s\u00e4testatud tingimustes, tagastab teenusepakkuja ostjale makstud summa turvalises keskkonnas.<\/p>\n<p>Ratturi talu O\u00dc vastutab volitatud t\u00f6\u00f6tlejate tegevuse eest ja need t\u00f6\u00f6tlejad j\u00e4rgivad Ratturi talu O\u00dc isikuandmete t\u00f6\u00f6tlemise p\u00f5him\u00f5tteid. Vastutav t\u00f6\u00f6tleja on Ratturi talu O\u00dc, e-posti aadress ratturitalu@gmail.com.<\/p>\n<p>Muude andmete kogumine &#8211; kogume ka anon\u00fc\u00fcmseid andmeid, mida ei saa otseselt seostada konkreetse isikuga (brauseri versioon, keele-eelistused, asukoht, lehel veedetud aeg jne), mida k\u00e4sitleme Ratturi talu O\u00dc broneerimismootoris \u00fcldistatud kliendik\u00e4itumisena. Need andmed koondatakse ja neid kasutatakse broneerimismootori teenuse\/toote t\u00e4iustamiseks. Ratturi Talu O\u00dc s\u00e4ilitab isikuandmeid nii kaua, kui see on vajalik erinevate andmet\u00f6\u00f6tluse eesm\u00e4rkide t\u00e4itmiseks, kuid mitte kauem kui 7 aastat p\u00e4rast teie tellimuses m\u00e4rgitud lahkumise kuup\u00e4eva. Ratturi talu O\u00dc on isikuandmete vastutav t\u00f6\u00f6tleja ja edastab vajalikud makseandmed maksete t\u00f6\u00f6tlemiseks volitatud t\u00f6\u00f6tlejatele. <br>Klientidel on \u00f5igus igal ajal tutvuda oma isikuandmetega ja teabega oma tegevuse kohta. Samuti on klientidel \u00f5igus n\u00f5uda oma isikuandmete parandamist, kui need on muutunud v\u00f5i muul viisil ebat\u00e4psed. Andmete muutmiseks\/lisamiseks\/eemaldamiseks v\u00f5tke palun \u00fchendust Ratturi talu O\u00dc-ga e-posti aadressil ratturitalu@gmail.com.<br>Privaatsuspoliitika tingimused ja muudatused &#8211; broneerimismootori kasutamisega olete lugenud ja n\u00f5ustute nende p\u00f5him\u00f5tete ja tingimustega. Me j\u00e4tame endale \u00f5iguse muuta privaatsuspoliitika \u00fcldtingimusi vastavalt vajadusele, teavitades sellest Ratturi talu O\u00dc kodulehel. Privaatsuspoliitikaga v\u00f5i andmet\u00f6\u00f6tlusega seotud k\u00fcsimuste v\u00f5i murede korral v\u00f5tke meiega \u00fchendust e-posti aadressil ratturitalu@gmail.com.<\/p>\n<p><span style=\"font-size: 14pt;\"><strong>Tingimused<\/strong><\/span><br>1.1. K\u00e4esolevad tingimused kehtivad teenuste ja toodete ostmisest tulenevatele \u00f5igussuhetele \u00fcksikisiku (edaspidi &#8220;K\u00fclaline&#8221;) ja broneerimiskeskkonna <a href=\"https:\/\/ratturitalu.eu\/et\/\" target=\"_new\" rel=\"noreferrer\">https:\/\/ratturitalu.eu<\/a> (edaspidi &#8220;Ratturitalu broneerimiskeskkond&#8221;) omaniku vahel.<br>1.2. Lisaks nendele tingimustele reguleerivad Ratturi talu broneerimiskeskkonna kaudu osutatavatest teenustest ja toodete ostmisest tulenevaid \u00f5igussuhteid Eesti Vabariigi seadused. <br>1.3. Tehinguid broneerimiskeskkonnas v\u00f5ivad teha ainult v\u00e4hemalt 18-aastased ja \u00f5igusv\u00f5imelised isikud. Nende isikute tehtud korralduste tagaj\u00e4rgede eest, mis ei vasta nendele n\u00f5uetele, vastutab isik, kelle pangakontot makse tegemiseks kasutati. <br>1.4. Ratturi talu ei m\u00fc\u00fc alkoholi alla 18-aastastele klientidele. Hotellil on \u00f5igus n\u00f5uda isikut t\u00f5endavat dokumenti, et kontrollida isikute vanust, ning v\u00f5ib keelduda alaealiste klientide tellimuste t\u00e4itmisest. Alaealiste poolt tehtud alkohoolseid jooke sisaldavate lisatellimuste eest tehtud ettemaksed tagastatakse ainult alkohoolse joogi maksumuse ulatuses, kasutades pangakontot, mille kaudu makse tehti.<\/p>\n<p><strong>Hinnakujundusteave<\/strong> <br>2.1. K\u00f5ik hinnad on eurodes ja sisaldavad Eesti Vabariigis kehtivat k\u00e4ibemaksu. <br>2.2. P\u00f6\u00f6rake t\u00e4helepanu valitud hinnakirjale. Teatud hindade puhul on ettemaks kohustuslik. Kui t\u00fchistate ettemaksu tingimustega hinna, on majutusettev\u00f5ttel \u00f5igus ettemakstud summat mitte tagastada.<\/p>\n<p><strong>Ettemakstud toodete maksetingimused<\/strong><\/p>\n<p>3.1. Kliendid, kes ostavad teenuseid v\u00f5i tooteid Ratturi talu broneerimiskeskkonna kaudu, peavad maksma valitud teenuse t\u00e4ishinna. Makse sooritamisega kinnitab klient, et ta on lugenud ja n\u00f5ustub k\u00f5igi tingimuste ja eeskirjadega, mille teenusepakkuja on teinud k\u00e4ttesaadavaks broneerimiskeskkonna kaudu. <br>3.2. Online broneerimiskeskkonnas m\u00e4\u00e4ratud summa saab tasuda panga\u00fclekandega.<\/p>\n<p><strong>Tellimine ja tellimuse kinnitamine<\/strong> <br>4.1. Tellimuse esitamisel sisestage broneerimiss\u00fcsteemi k\u00fclalise nimi, telefoninumber, e-posti aadress, aadress, saabumiskuup\u00e4ev ja \u00f6\u00f6bimiste arv. Teie tellimus on kinnitatud, kui saate tellimuse kinnituse. <br>4.2. Tellimused koos sooduskoodidega: Ratturi talu: Et saada sooduskoodi, on vaja s\u00f5lmida otse leping Ratturi taluga. K\u00f5ik \u00fcksikasjad (sooduskoodi nimi, kehtivusaeg, tingimused jne) lepitakse kokku isiklikult teie ja Ratturi talu vahel (e-post: <a target=\"_new\" rel=\"noreferrer\">ratturitalu@gmail.com)<\/a>. Teie tellimus on kinnitatud, kui saate tellimuse kinnituse.<\/p>\n<p><strong>Tellimuse t\u00fchistamine, muutmine ja tagasimaksmine<\/strong> <br>5.1. Majutuse ja majutuspakettide suhtes kehtivad erinevad t\u00fchistamis- ja tagasimaksetingimused. Majutuse ja majutuspakettide muutmis-, t\u00fchistamis- ja tagasimaksetingimused on t\u00e4psustatud valitud majutuse ja\/v\u00f5i paketi hinnakirjas broneerimiskeskkonnas. Kui t\u00fchistate ettemaksu tingimustega hinna, on hotellil \u00f5igus ettemakstud summat mitte tagastada. <br>5.2. Majutuse ja\/v\u00f5i paketi kehtivus p\u00f5hineb majutusele ja\/v\u00f5i paketile m\u00e4\u00e4ratud algus- ja l\u00f5ppkuup\u00e4eval. Kui kehtivusaeg on \u00fcletatud, muutub majutus ja\/v\u00f5i pakett kehtetuks ning seda ei saa tagasi maksta ega \u00fcmber vahetada. <br>5.3. Tellimuse muutmiseks looge uus tellimus ja t\u00fchistage eelmine tellimus. Uuel tellimusel v\u00f5ib olla erinev hind ja saadaval olevate tubade kategooria.<\/p>\n<p><strong>Privaatsuspoliitika<\/strong> <br>6.1. Veebip\u00f5hises broneerimiskeskkonnas tellimuse ja ostu sooritamise k\u00e4igus esitatud isikuandmed on konfidentsiaalsed ja neid t\u00f6\u00f6deldakse vastavalt isikuandmete kaitse seaduse n\u00f5uetele. <br>6.2. Ratturi talu ei avalda k\u00fclalise isikuandmeid kolmandatele isikutele ilma k\u00fclalise n\u00f5usolekuta, v\u00e4lja arvatud seaduses s\u00e4testatud juhtudel. <br>6.3. T\u00f6\u00f6deldavad isikuandmed h\u00f5lmavad teavet, mida k\u00fclastaja on tellimuse esitamisel k\u00fcsinud (ees- ja perekonnanimi, aadress, telefoninumber, e-posti aadress).<\/p>\n<p><strong>Lisateave hotelli kohta<\/strong> <br>7.1. Kui olete saanud kinnituse hotellitoa broneerimiseks, kuid selgub, et hotellituba ei ole v\u00f5imalik teile pakkuda, on ettev\u00f5te kohustatud pakkuma teile paremat v\u00f5i samav\u00e4\u00e4rset hotellituba samas piirkonnas ilma lisatasuta. <br>7.2. Saabumine ja lahkumine: Saabumisp\u00e4eval kell 16:00 kuni lahkumisp\u00e4eval kell 12:00 on hotellituba teie k\u00e4sutuses.<\/p>\n<p>7.3. Suitsetamise eeskirjad: Ratturitalu on m\u00f5eldud mittesuitsetajatele. Kui k\u00fclaline rikub suitsetamiskeeldu, on ettev\u00f5ttel \u00f5igus n\u00f5uda k\u00fclalisele kulude h\u00fcvitamist.<\/p>\n<p>7.4. Lemmikloomad on meie hotellitubades lubatud ja v\u00f5ivad n\u00f5uda lisatasu.<\/p>\n<p>7.5. Hotell ei vastuta tubadesse ja saunakeskusesse v\u00f5i mujale hotelli territooriumile j\u00e4etud v\u00f5i unustatud isiklike asjade eest.<\/p>\n<p><strong>Mitmesugused<\/strong> <br>8.1. Kliendi (k\u00fclalise) ja Ratturi talu vahelised vaidlused, mis tekivad teenuste tellimisel ja ostmisel broneerimiskeskkonna kaudu, lahendatakse l\u00e4bir\u00e4\u00e4kimiste teel. Kui kokkulepet ei saavutata, on kliendil (k\u00fclalisel) \u00f5igus taotleda oma \u00f5iguste kaitset tarbijakaitseametilt. K\u00e4esolevates tingimustes k\u00e4sitlemata vaidlused ja k\u00fcsimused lahendatakse Eesti Vabariigis kehtivate seaduste alusel.<\/p>\t\t\t\t\t\t\t\t<\/div>\n\t\t\t\t<\/div>\n\t\t\t\t\t<\/div>\n\t\t\t\t<\/div>\n\t\t\t\t<\/div>\n\t\t","protected":false},"excerpt":{"rendered":"<p>PrivaatsuspoliitikaRatturi talu O\u00dc kogub, s\u00e4ilitab, avaldab, edastab ja s\u00e4ilitab kliendiandmeid vastavalt Eesti Vabariigi seadustele ja Euroopa Liidu m\u00e4\u00e4rustele. Veebip\u00f5hises broneerimiskeskkonnas tellimuste ja ostutehingute k\u00e4igus esitatud isikuandmed on konfidentsiaalsed ja neid t\u00f6\u00f6deldakse vastavalt isikuandmete kaitse seaduse n\u00f5uetele. Ratturi talu ei avalda kliendi isikuandmeid kolmandatele isikutele ilma kliendi n\u00f5usolekuta, v\u00e4lja arvatud juhul, kui see on seadusega ette [&hellip;]<\/p>\n","protected":false},"author":1,"featured_media":18271,"parent":0,"menu_order":0,"comment_status":"closed","ping_status":"closed","template":"","meta":{"footnotes":""},"class_list":["post-18392","page","type-page","status-publish","has-post-thumbnail","hentry"],"yoast_head":"<!-- This site is optimized with the Yoast SEO plugin v27.2 - https:\/\/yoast.com\/product\/yoast-seo-wordpress\/ -->\n<title>Privaatsuspoliitika ja tingimused - Ratturi talu<\/title>\n<meta name=\"robots\" content=\"index, follow, max-snippet:-1, max-image-preview:large, max-video-preview:-1\" \/>\n<link rel=\"canonical\" href=\"https:\/\/ratturitalu.eu\/et\/privaatsuspoliitika\/\" \/>\n<meta property=\"og:locale\" content=\"et_EE\" \/>\n<meta property=\"og:type\" content=\"article\" \/>\n<meta property=\"og:title\" content=\"Privaatsuspoliitika ja tingimused - Ratturi talu\" \/>\n<meta property=\"og:description\" content=\"PrivaatsuspoliitikaRatturi talu O\u00dc kogub, s\u00e4ilitab, avaldab, edastab ja s\u00e4ilitab kliendiandmeid vastavalt Eesti Vabariigi seadustele ja Euroopa Liidu m\u00e4\u00e4rustele. Veebip\u00f5hises broneerimiskeskkonnas tellimuste ja ostutehingute k\u00e4igus esitatud isikuandmed on konfidentsiaalsed ja neid t\u00f6\u00f6deldakse vastavalt isikuandmete kaitse seaduse n\u00f5uetele. Ratturi talu ei avalda kliendi isikuandmeid kolmandatele isikutele ilma kliendi n\u00f5usolekuta, v\u00e4lja arvatud juhul, kui see on seadusega ette [&hellip;]\" \/>\n<meta property=\"og:url\" content=\"https:\/\/ratturitalu.eu\/et\/privaatsuspoliitika\/\" \/>\n<meta property=\"og:site_name\" content=\"Ratturi talu\" \/>\n<meta property=\"article:publisher\" content=\"https:\/\/www.facebook.com\/ratturitalu\" \/>\n<meta property=\"article:modified_time\" content=\"2024-05-31T06:47:26+00:00\" \/>\n<meta property=\"og:image\" content=\"https:\/\/ratturitalu.eu\/wp-content\/uploads\/2024\/05\/galerii_main.jpg\" \/>\n\t<meta property=\"og:image:width\" content=\"2000\" \/>\n\t<meta property=\"og:image:height\" content=\"815\" \/>\n\t<meta property=\"og:image:type\" content=\"image\/jpeg\" \/>\n<meta name=\"twitter:card\" content=\"summary_large_image\" \/>\n<meta name=\"twitter:label1\" content=\"Est. reading time\" \/>\n\t<meta name=\"twitter:data1\" content=\"5 minutit\" \/>\n<script type=\"application\/ld+json\" class=\"yoast-schema-graph\">{\"@context\":\"https:\/\/schema.org\",\"@graph\":[{\"@type\":\"WebPage\",\"@id\":\"https:\/\/ratturitalu.eu\/et\/privaatsuspoliitika\/\",\"url\":\"https:\/\/ratturitalu.eu\/et\/privaatsuspoliitika\/\",\"name\":\"Privaatsuspoliitika ja tingimused - Ratturi talu\",\"isPartOf\":{\"@id\":\"https:\/\/ratturitalu.eu\/et\/#website\"},\"primaryImageOfPage\":{\"@id\":\"https:\/\/ratturitalu.eu\/et\/privaatsuspoliitika\/#primaryimage\"},\"image\":{\"@id\":\"https:\/\/ratturitalu.eu\/et\/privaatsuspoliitika\/#primaryimage\"},\"thumbnailUrl\":\"https:\/\/ratturitalu.eu\/wp-content\/uploads\/2024\/05\/galerii_main.jpg\",\"datePublished\":\"2022-06-08T06:14:46+00:00\",\"dateModified\":\"2024-05-31T06:47:26+00:00\",\"breadcrumb\":{\"@id\":\"https:\/\/ratturitalu.eu\/et\/privaatsuspoliitika\/#breadcrumb\"},\"inLanguage\":\"et\",\"potentialAction\":[{\"@type\":\"ReadAction\",\"target\":[\"https:\/\/ratturitalu.eu\/et\/privaatsuspoliitika\/\"]}]},{\"@type\":\"ImageObject\",\"inLanguage\":\"et\",\"@id\":\"https:\/\/ratturitalu.eu\/et\/privaatsuspoliitika\/#primaryimage\",\"url\":\"https:\/\/ratturitalu.eu\/wp-content\/uploads\/2024\/05\/galerii_main.jpg\",\"contentUrl\":\"https:\/\/ratturitalu.eu\/wp-content\/uploads\/2024\/05\/galerii_main.jpg\",\"width\":2000,\"height\":815},{\"@type\":\"BreadcrumbList\",\"@id\":\"https:\/\/ratturitalu.eu\/et\/privaatsuspoliitika\/#breadcrumb\",\"itemListElement\":[{\"@type\":\"ListItem\",\"position\":1,\"name\":\"Home\",\"item\":\"https:\/\/ratturitalu.eu\/et\/koduleht\/\"},{\"@type\":\"ListItem\",\"position\":2,\"name\":\"Privaatsuspoliitika ja tingimused\"}]},{\"@type\":\"WebSite\",\"@id\":\"https:\/\/ratturitalu.eu\/et\/#website\",\"url\":\"https:\/\/ratturitalu.eu\/et\/\",\"name\":\"Ratturi talu\",\"description\":\"Ratturi talu\",\"publisher\":{\"@id\":\"https:\/\/ratturitalu.eu\/et\/#organization\"},\"potentialAction\":[{\"@type\":\"SearchAction\",\"target\":{\"@type\":\"EntryPoint\",\"urlTemplate\":\"https:\/\/ratturitalu.eu\/et\/?s={search_term_string}\"},\"query-input\":{\"@type\":\"PropertyValueSpecification\",\"valueRequired\":true,\"valueName\":\"search_term_string\"}}],\"inLanguage\":\"et\"},{\"@type\":\"Organization\",\"@id\":\"https:\/\/ratturitalu.eu\/et\/#organization\",\"name\":\"Ratturi talu\",\"url\":\"https:\/\/ratturitalu.eu\/et\/\",\"logo\":{\"@type\":\"ImageObject\",\"inLanguage\":\"et\",\"@id\":\"https:\/\/ratturitalu.eu\/et\/#\/schema\/logo\/image\/\",\"url\":\"https:\/\/ratturitalu.eu\/wp-content\/uploads\/2022\/04\/logovaike-1024x173-1-1.png\",\"contentUrl\":\"https:\/\/ratturitalu.eu\/wp-content\/uploads\/2022\/04\/logovaike-1024x173-1-1.png\",\"width\":1024,\"height\":173,\"caption\":\"Ratturi talu\"},\"image\":{\"@id\":\"https:\/\/ratturitalu.eu\/et\/#\/schema\/logo\/image\/\"},\"sameAs\":[\"https:\/\/www.facebook.com\/ratturitalu\",\"https:\/\/www.instagram.com\/ratturitalu\/\"]}]}<\/script>\n<!-- \/ Yoast SEO plugin. -->","yoast_head_json":{"title":"Privaatsuspoliitika ja tingimused - Ratturi talu","robots":{"index":"index","follow":"follow","max-snippet":"max-snippet:-1","max-image-preview":"max-image-preview:large","max-video-preview":"max-video-preview:-1"},"canonical":"https:\/\/ratturitalu.eu\/et\/privaatsuspoliitika\/","og_locale":"et_EE","og_type":"article","og_title":"Privaatsuspoliitika ja tingimused - Ratturi talu","og_description":"PrivaatsuspoliitikaRatturi talu O\u00dc kogub, s\u00e4ilitab, avaldab, edastab ja s\u00e4ilitab kliendiandmeid vastavalt Eesti Vabariigi seadustele ja Euroopa Liidu m\u00e4\u00e4rustele. Veebip\u00f5hises broneerimiskeskkonnas tellimuste ja ostutehingute k\u00e4igus esitatud isikuandmed on konfidentsiaalsed ja neid t\u00f6\u00f6deldakse vastavalt isikuandmete kaitse seaduse n\u00f5uetele. Ratturi talu ei avalda kliendi isikuandmeid kolmandatele isikutele ilma kliendi n\u00f5usolekuta, v\u00e4lja arvatud juhul, kui see on seadusega ette [&hellip;]","og_url":"https:\/\/ratturitalu.eu\/et\/privaatsuspoliitika\/","og_site_name":"Ratturi talu","article_publisher":"https:\/\/www.facebook.com\/ratturitalu","article_modified_time":"2024-05-31T06:47:26+00:00","og_image":[{"width":2000,"height":815,"url":"https:\/\/ratturitalu.eu\/wp-content\/uploads\/2024\/05\/galerii_main.jpg","type":"image\/jpeg"}],"twitter_card":"summary_large_image","twitter_misc":{"Est. reading time":"5 minutit"},"schema":{"@context":"https:\/\/schema.org","@graph":[{"@type":"WebPage","@id":"https:\/\/ratturitalu.eu\/et\/privaatsuspoliitika\/","url":"https:\/\/ratturitalu.eu\/et\/privaatsuspoliitika\/","name":"Privaatsuspoliitika ja tingimused - Ratturi talu","isPartOf":{"@id":"https:\/\/ratturitalu.eu\/et\/#website"},"primaryImageOfPage":{"@id":"https:\/\/ratturitalu.eu\/et\/privaatsuspoliitika\/#primaryimage"},"image":{"@id":"https:\/\/ratturitalu.eu\/et\/privaatsuspoliitika\/#primaryimage"},"thumbnailUrl":"https:\/\/ratturitalu.eu\/wp-content\/uploads\/2024\/05\/galerii_main.jpg","datePublished":"2022-06-08T06:14:46+00:00","dateModified":"2024-05-31T06:47:26+00:00","breadcrumb":{"@id":"https:\/\/ratturitalu.eu\/et\/privaatsuspoliitika\/#breadcrumb"},"inLanguage":"et","potentialAction":[{"@type":"ReadAction","target":["https:\/\/ratturitalu.eu\/et\/privaatsuspoliitika\/"]}]},{"@type":"ImageObject","inLanguage":"et","@id":"https:\/\/ratturitalu.eu\/et\/privaatsuspoliitika\/#primaryimage","url":"https:\/\/ratturitalu.eu\/wp-content\/uploads\/2024\/05\/galerii_main.jpg","contentUrl":"https:\/\/ratturitalu.eu\/wp-content\/uploads\/2024\/05\/galerii_main.jpg","width":2000,"height":815},{"@type":"BreadcrumbList","@id":"https:\/\/ratturitalu.eu\/et\/privaatsuspoliitika\/#breadcrumb","itemListElement":[{"@type":"ListItem","position":1,"name":"Home","item":"https:\/\/ratturitalu.eu\/et\/koduleht\/"},{"@type":"ListItem","position":2,"name":"Privaatsuspoliitika ja tingimused"}]},{"@type":"WebSite","@id":"https:\/\/ratturitalu.eu\/et\/#website","url":"https:\/\/ratturitalu.eu\/et\/","name":"Ratturi talu","description":"Ratturi talu","publisher":{"@id":"https:\/\/ratturitalu.eu\/et\/#organization"},"potentialAction":[{"@type":"SearchAction","target":{"@type":"EntryPoint","urlTemplate":"https:\/\/ratturitalu.eu\/et\/?s={search_term_string}"},"query-input":{"@type":"PropertyValueSpecification","valueRequired":true,"valueName":"search_term_string"}}],"inLanguage":"et"},{"@type":"Organization","@id":"https:\/\/ratturitalu.eu\/et\/#organization","name":"Ratturi talu","url":"https:\/\/ratturitalu.eu\/et\/","logo":{"@type":"ImageObject","inLanguage":"et","@id":"https:\/\/ratturitalu.eu\/et\/#\/schema\/logo\/image\/","url":"https:\/\/ratturitalu.eu\/wp-content\/uploads\/2022\/04\/logovaike-1024x173-1-1.png","contentUrl":"https:\/\/ratturitalu.eu\/wp-content\/uploads\/2022\/04\/logovaike-1024x173-1-1.png","width":1024,"height":173,"caption":"Ratturi talu"},"image":{"@id":"https:\/\/ratturitalu.eu\/et\/#\/schema\/logo\/image\/"},"sameAs":["https:\/\/www.facebook.com\/ratturitalu","https:\/\/www.instagram.com\/ratturitalu\/"]}]}},"_links":{"self":[{"href":"https:\/\/ratturitalu.eu\/et\/wp-json\/wp\/v2\/pages\/18392","targetHints":{"allow":["GET"]}}],"collection":[{"href":"https:\/\/ratturitalu.eu\/et\/wp-json\/wp\/v2\/pages"}],"about":[{"href":"https:\/\/ratturitalu.eu\/et\/wp-json\/wp\/v2\/types\/page"}],"author":[{"embeddable":true,"href":"https:\/\/ratturitalu.eu\/et\/wp-json\/wp\/v2\/users\/1"}],"replies":[{"embeddable":true,"href":"https:\/\/ratturitalu.eu\/et\/wp-json\/wp\/v2\/comments?post=18392"}],"version-history":[{"count":10,"href":"https:\/\/ratturitalu.eu\/et\/wp-json\/wp\/v2\/pages\/18392\/revisions"}],"predecessor-version":[{"id":18421,"href":"https:\/\/ratturitalu.eu\/et\/wp-json\/wp\/v2\/pages\/18392\/revisions\/18421"}],"wp:featuredmedia":[{"embeddable":true,"href":"https:\/\/ratturitalu.eu\/et\/wp-json\/wp\/v2\/media\/18271"}],"wp:attachment":[{"href":"https:\/\/ratturitalu.eu\/et\/wp-json\/wp\/v2\/media?parent=18392"}],"curies":[{"name":"wp","href":"https:\/\/api.w.org\/{rel}","templated":true}]}}